{"id":2282,"date":"2024-04-26T11:05:18","date_gmt":"2024-04-26T11:05:18","guid":{"rendered":"https:\/\/oneclickpersonal.de\/?page_id=2282"},"modified":"2024-04-26T12:16:35","modified_gmt":"2024-04-26T12:16:35","slug":"faq","status":"publish","type":"page","link":"https:\/\/oneclickpersonal.de\/index.php\/faq\/","title":{"rendered":"FAQ"},"content":{"rendered":"<div class=\"wpb-content-wrapper\"><p>[vc_row bg_type=&#8220;bg_color&#8220; bg_override=&#8220;ex-full&#8220; css=&#8220;.vc_custom_1714129399666{padding-top: 30px !important;padding-bottom: 30px !important;}&#8220; bg_color_value=&#8220;#ffffff&#8220;][vc_column css=&#8220;.vc_custom_1714129221797{padding-top: 10px !important;padding-bottom: 10px !important;}&#8220;]<div id=\"ultimate-heading-81769e01d5faa317\" class=\"uvc-heading ult-adjust-bottom-margin ultimate-heading-81769e01d5faa317 uvc-5257  uvc-heading-default-font-sizes\" data-hspacer=\"no_spacer\"  data-halign=\"center\" style=\"text-align:center\"><div class=\"uvc-heading-spacer no_spacer\" style=\"top\"><\/div><div class=\"uvc-main-heading ult-responsive\"  data-ultimate-target='.uvc-heading.ultimate-heading-81769e01d5faa317 h2'  data-responsive-json-new='{\"font-size\":\"\",\"line-height\":\"\"}' ><h2 style=\"--font-weight:theme;\">Antworten auf h\u00e4ufig gestellte Fragen \u00fcber OneClickPersonal<\/h2><\/div><\/div>[\/vc_column][\/vc_row][vc_row bg_type=&#8220;bg_color&#8220; bg_override=&#8220;ex-full&#8220; bg_color_value=&#8220;#ffffff&#8220; css=&#8220;.vc_custom_1714129466104{padding-top: 30px !important;padding-bottom: 30px !important;}&#8220;][vc_column][vc_toggle title=&#8220;Ist OneClickPersonal deutschlandweit aktiv?&#8220; style=&#8220;round_outline&#8220; size=&#8220;lg&#8220; css=&#8220;&#8220;]<span style=\"color: #000000;\">OneClickPersonal ist deutschlandweit aktiv und unterst\u00fctzt Sie gerne bei der Suche nach qualifizierten Kandidaten\/innen in allen Regionen.<\/span>[\/vc_toggle][vc_toggle title=&#8220;F\u00fcr welche Art von Stellen \u00fcbernimmt OneClickPersonal f\u00fcr uns das Recruiting?&#8220; style=&#8220;round_outline&#8220; size=&#8220;lg&#8220; css=&#8220;&#8220;]<span style=\"color: #000000;\">OneClickPersonal \u00fcbernimmt f\u00fcr alle Branchen und Stellenarten (Vollzeit, Teilzeit, Werkstudenten) das Recruiting.\u00a0<\/span>[\/vc_toggle][vc_toggle title=&#8220;Ist OneClickPersonal auf bestimmte Branchen beschr\u00e4nkt?&#8220; style=&#8220;round_outline&#8220; size=&#8220;lg&#8220; css=&#8220;&#8220;]<\/p>\n<p data-sourcepos=\"3:1-3:100\"><span style=\"color: #000000;\">Nein, OneClickPersonal ist branchen\u00fcbergreifend t\u00e4tig und unterst\u00fctzt Unternehmen in allen Branchen bei der Suche nach qualifizierten Personen.<\/span><\/p>\n<p>[\/vc_toggle][vc_toggle title=&#8220;Ab wann beginnt die Zahlung der 69,- Euro pro Monat?&#8220; style=&#8220;round_outline&#8220; size=&#8220;lg&#8220; css=&#8220;&#8220;]<\/p>\n<p data-sourcepos=\"3:1-3:100\"><span style=\"color: #000000;\">Die Zahlung der 69,- Euro (zzgl. MwSt.) wird erst f\u00e4llig, wenn Sie Ihren neuen Mitarbeiter eingestellt haben.<\/span><\/p>\n<p data-sourcepos=\"5:1-5:127\"><span style=\"color: #000000;\">Sie zahlen diesen Beitrag nur so lange, wie der Mitarbeiter bei Ihnen besch\u00e4ftigt ist, und zwar f\u00fcr jeden angefangenen Monat.<\/span><\/p>\n<p>[\/vc_toggle][vc_toggle title=&#8220;Wann endet die Zahlung der 69,- Euro pro Monat?&#8220; style=&#8220;round_outline&#8220; size=&#8220;lg&#8220; css=&#8220;&#8220;]<span style=\"color: #000000;\">F\u00fcr diesen Fall gibt es mehrere M\u00f6glichkeiten:<\/span><\/p>\n<ol>\n<li><span style=\"color: #000000;\">Sie sind mit unserer Rekrutierung sehr zufrieden und m\u00f6chten die Abl\u00f6sesumme in H\u00f6he von 2.000,- Euro (zzgl. MwSt.) zahlen. <\/span>\n<ul>\n<li><span style=\"color: #000000;\">In diesem Fall endet die Zahlung der 69,- Euro mit Zahlung der Abl\u00f6sesumme zum Monatsende.<\/span><\/li>\n<\/ul>\n<\/li>\n<li><span style=\"color: #000000;\">Unsere Rekrutierung verl\u00e4sst Ihr Unternehmen zum Monatsende. <\/span>\n<ul>\n<li><span style=\"color: #000000;\">In diesem Fall endet die Zahlung der 69,- Euro zum Monatsende.<\/span><\/li>\n<\/ul>\n<\/li>\n<li><span style=\"color: #000000;\">Unsere Rekrutierung verl\u00e4sst Ihr Unternehmen zur Monatsmitte. <\/span>\n<ul>\n<li><span style=\"color: #000000;\">In diesem Fall endet die Zahlung der 69,- Euro zum Monatsende.<\/span><\/li>\n<\/ul>\n<\/li>\n<\/ol>\n<p>[\/vc_toggle][vc_toggle title=&#8220;Welcher Zeitraum ist f\u00fcr die Ermittlung der Besch\u00e4ftigungsdauer relevant?&#8220; style=&#8220;round_outline&#8220; size=&#8220;lg&#8220; css=&#8220;&#8220;]<span style=\"color: #000000;\">Die Basis f\u00fcr die Ermittlung der Besch\u00e4ftigungsdauer ist jeder angefangene Besch\u00e4ftigungsmonat Ihrer neuen Mitarbeiterinnen oder Mitarbeitern.<\/span>[\/vc_toggle][vc_toggle title=&#8220;Welche Daten ben\u00f6tigt OneClickPersonal, um mit der Recruiting f\u00fcr uns zu beginnen?&#8220; style=&#8220;round_outline&#8220; size=&#8220;lg&#8220; css=&#8220;&#8220;]<span style=\"color: #000000;\">OneClickPersonal ben\u00f6tig zu Beginn lediglich die Stellenbezeichnung und einen Link zu Ihrer Unternehmenswebsite. Wenn Sie schon eine Stellenausschreibung auf Ihrer Website ver\u00f6ffentlicht haben, dann reicht uns auch der Link zur Stellenanzeige v\u00f6llig aus.<\/span>[\/vc_toggle][\/vc_column][\/vc_row]<\/p>\n<\/div>","protected":false},"excerpt":{"rendered":"<p>[vc_row bg_type=&#8220;bg_color&#8220; bg_override=&#8220;ex-full&#8220; css=&#8220;.vc_custom_1714129399666{padding-top: 30px !important;padding-bottom: 30px !important;}&#8220; bg_color_value=&#8220;#ffffff&#8220;][vc_column css=&#8220;.vc_custom_1714129221797{padding-top: 10px !important;padding-bottom: 10px !important;}&#8220;][\/vc_column][\/vc_row][vc_row bg_type=&#8220;bg_color&#8220; bg_override=&#8220;ex-full&#8220; bg_color_value=&#8220;#ffffff&#8220; css=&#8220;.vc_custom_1714129466104{padding-top: 30px !important;padding-bottom: 30px !important;}&#8220;][vc_column][vc_toggle title=&#8220;Ist OneClickPersonal deutschlandweit aktiv?&#8220; style=&#8220;round_outline&#8220; size=&#8220;lg&#8220; css=&#8220;&#8220;]OneClickPersonal ist deutschlandweit aktiv und unterst\u00fctzt Sie gerne bei der Suche nach qualifizierten Kandidaten\/innen in allen Regionen.[\/vc_toggle][vc_toggle title=&#8220;F\u00fcr welche Art von Stellen \u00fcbernimmt OneClickPersonal f\u00fcr uns das&hellip;<\/p>\n","protected":false},"author":3,"featured_media":0,"parent":0,"menu_order":0,"comment_status":"closed","ping_status":"open","template":"","meta":{"footnotes":""},"class_list":["post-2282","page","type-page","status-publish","hentry","description-off"],"amp_enabled":true,"_links":{"self":[{"href":"https:\/\/oneclickpersonal.de\/index.php\/wp-json\/wp\/v2\/pages\/2282","targetHints":{"allow":["GET"]}}],"collection":[{"href":"https:\/\/oneclickpersonal.de\/index.php\/wp-json\/wp\/v2\/pages"}],"about":[{"href":"https:\/\/oneclickpersonal.de\/index.php\/wp-json\/wp\/v2\/types\/page"}],"author":[{"embeddable":true,"href":"https:\/\/oneclickpersonal.de\/index.php\/wp-json\/wp\/v2\/users\/3"}],"replies":[{"embeddable":true,"href":"https:\/\/oneclickpersonal.de\/index.php\/wp-json\/wp\/v2\/comments?post=2282"}],"version-history":[{"count":13,"href":"https:\/\/oneclickpersonal.de\/index.php\/wp-json\/wp\/v2\/pages\/2282\/revisions"}],"predecessor-version":[{"id":2307,"href":"https:\/\/oneclickpersonal.de\/index.php\/wp-json\/wp\/v2\/pages\/2282\/revisions\/2307"}],"wp:attachment":[{"href":"https:\/\/oneclickpersonal.de\/index.php\/wp-json\/wp\/v2\/media?parent=2282"}],"curies":[{"name":"wp","href":"https:\/\/api.w.org\/{rel}","templated":true}]}}